{"id":2,"date":"2024-03-07T10:47:38","date_gmt":"2024-03-07T09:47:38","guid":{"rendered":"http:\/\/stmichaelslegioneitaly.it\/?page_id=2"},"modified":"2026-01-20T15:52:30","modified_gmt":"2026-01-20T14:52:30","slug":"benvenuti-nel-st-michaels-legione-italy-lemc","status":"publish","type":"page","link":"https:\/\/stmichaelslegioneitaly.it\/","title":{"rendered":"BENVENUTI"},"content":{"rendered":"\t\t<div data-elementor-type=\"wp-page\" data-elementor-id=\"2\" class=\"elementor elementor-2\">\n\t\t\t\t<div class=\"elementor-element elementor-element-4a13bfec e-flex e-con-boxed e-con e-parent\" data-id=\"4a13bfec\" data-element_type=\"container\" data-core-v316-plus=\"true\">\n\t\t\t\t\t<div class=\"e-con-inner\">\n\t\t\t\t<div class=\"elementor-element elementor-element-1e4b47ad elementor-widget elementor-widget-text-editor\" data-id=\"1e4b47ad\" data-element_type=\"widget\" data-widget_type=\"text-editor.default\">\n\t\t\t\t<div class=\"elementor-widget-container\">\n\t\t\t<style>\/*! elementor - v3.20.0 - 20-03-2024 *\/\n.elementor-widget-text-editor.elementor-drop-cap-view-stacked .elementor-drop-cap{background-color:#69727d;color:#fff}.elementor-widget-text-editor.elementor-drop-cap-view-framed .elementor-drop-cap{color:#69727d;border:3px solid;background-color:transparent}.elementor-widget-text-editor:not(.elementor-drop-cap-view-default) .elementor-drop-cap{margin-top:8px}.elementor-widget-text-editor:not(.elementor-drop-cap-view-default) .elementor-drop-cap-letter{width:1em;height:1em}.elementor-widget-text-editor .elementor-drop-cap{float:left;text-align:center;line-height:1;font-size:50px}.elementor-widget-text-editor .elementor-drop-cap-letter{display:inline-block}<\/style>\t\t\t\t<p>Benvenuti su St. Michael&#8217;s Legione LE MC-ITALY.<\/p>\n<p>Con il nostro motto, &#8220;I&#8217;m my brother&#8217;s keeper&#8221;, ci impegniamo ad essere i custodi dei nostri fratelli attraverso azioni che riflettono il legame indissolubile tra i membri del nostro Club. La nostra comunit\u00e0, composta principalmente da appartenenti alle forze dell&#8217;ordine, forze armate, paramedici e vigili del fuoco, sia attivi che in quiescenza, si propone di esaltare gli ideali di cameratismo, patriottismo, rispetto per il prossimo e per le libere istituzioni unito dalla passione per la moto.<\/p>\n<p><!-- \/wp:paragraph --><\/p>\n<p><!-- wp:quote --><\/p>\n<blockquote>\n<p>St. Michael&#8217;s Legione LE MC Italy non \u00e8 solo un Club, \u00e8 un movimento dedicato a fare esperienze in moto, ma finalizzato alla fratellanza tra i suoi appartenenti ed all&#8217;aiuto del prossimo come una vera e propria missione, dove l&#8217;amicizia ed il rispetto tra i propri membri sono al centro della nostra unione, poich\u00e9 insieme, affrontiamo le difficolt\u00e0, festeggiamo i successi e ci impegniamo per un futuro pi\u00f9 sicuro e solidale nel rispetto delle leggi ed in aiuto dei bisognosi.\u00a0<\/p>\n<\/blockquote>\n<p><!-- \/wp:quote --><\/p>\n<p><!-- wp:paragraph --><\/p>\n<div class=\"react-scroll-to-bottom--css-tbwpg-1n7m0yu\">\n<div class=\"flex flex-col text-sm pb-9\">\n<div class=\"w-full text-token-text-primary sm:AIPRM__conversation__response\" data-testid=\"conversation-turn-7\">\n<div class=\"px-4 py-2 justify-center text-base md:gap-6 m-auto\">\n<div class=\"flex flex-1 text-base mx-auto gap-3 md:px-5 lg:px-1 xl:px-5 md:max-w-3xl lg:max-w-[40rem] xl:max-w-[48rem] group final-completion\">\n<div class=\"relative flex w-full flex-col agent-turn\">\n<div class=\"flex-col gap-1 md:gap-3\">\n<div class=\"flex flex-grow flex-col max-w-full\">\n<div class=\"min-h-[20px] text-message flex flex-col items-start gap-3 whitespace-pre-wrap break-words [.text-message+&amp;]:mt-5 overflow-x-auto\" data-message-author-role=\"assistant\" data-message-id=\"ae1946df-0628-4c53-97b6-2366bd8af6bc\">\n<div class=\"markdown prose w-full break-words dark:prose-invert light AIPRM__conversation__response\">\n<p>Questo sito offre una panoramica della nostra storia, illustra eventi passati e futuri e si propone di offrire un&#8217;opportunit\u00e0, per chi volesse, ad unirsi a noi. Se siete mossi dai nostri stessi valori, St. Michael&#8217;s Legione LE MC-ITALY\u00a0 vi apre le sue porte.<\/p>\n<p>Vi invitiamo a scriverci per sapere di pi\u00f9 su chi siamo e sar\u00e0 per noi un piacere accogliervi <span style=\"font-size: 1.125rem;\">nella nostra famiglia.<\/span><\/p>\n<\/div>\n<\/div>\n<\/div>\n<div class=\"mt-1 flex justify-start gap-3 empty:hidden\">\n<div class=\"text-gray-400 flex self-end lg:self-center justify-center lg:justify-start mt-0 -ml-1 h-7 visible\">\n<div class=\"flex items-center gap-1.5 text-xs\">\u00a0<\/div>\n<div class=\"flex\">\u00a0<\/div>\n<\/div>\n<\/div>\n<div class=\"pr-2 lg:pr-0\">\u00a0<\/div>\n<\/div>\n<div class=\"absolute\">\n<div class=\"flex w-full gap-2 items-center justify-center\">\u00a0<\/div>\n<\/div>\n<\/div>\n<\/div>\n<\/div>\n<\/div>\n<\/div>\n<\/div>\n<div id=\"AIPRM__sidebar-icon\" class=\"AIPRM__p-2 AIPRM__top-12 md:AIPRM__top-2 AIPRM__p-2 AIPRM__items-center AIPRM__transition-colors AIPRM__duration-200 AIPRM__cursor-pointer AIPRM__text-sm AIPRM__rounded-md AIPRM__border AIPRM__bg-white dark:AIPRM__bg-gray-900 AIPRM__border-black\/10 dark:AIPRM__border-white\/20 hover:AIPRM__bg-gray-50 dark:hover:AIPRM__bg-gray-850 AIPRM__cursor-pointer AIPRM__fixed AIPRM__right-4 AIPRM__z-30\" title=\"Open AIPRM sidebar\">\u00a0<\/div>\n<p><!-- \/wp:paragraph --><\/p>\t\t\t\t\t\t<\/div>\n\t\t\t\t<\/div>\n\t\t\t\t\t<\/div>\n\t\t\t\t<\/div>\n\t\t<div class=\"elementor-element elementor-element-261a8b0 e-flex e-con-boxed e-con e-parent\" data-id=\"261a8b0\" data-element_type=\"container\" data-core-v316-plus=\"true\">\n\t\t\t\t\t<div class=\"e-con-inner\">\n\t\t\t\t<div class=\"elementor-element elementor-element-040030e elementor-widget elementor-widget-image\" data-id=\"040030e\" data-element_type=\"widget\" data-widget_type=\"image.default\">\n\t\t\t\t<div class=\"elementor-widget-container\">\n\t\t\t<style>\/*! elementor - v3.20.0 - 20-03-2024 *\/\n.elementor-widget-image{text-align:center}.elementor-widget-image a{display:inline-block}.elementor-widget-image a img[src$=\".svg\"]{width:48px}.elementor-widget-image img{vertical-align:middle;display:inline-block}<\/style>\t\t\t\t\t\t\t\t\t\t<img fetchpriority=\"high\" decoding=\"async\" width=\"768\" height=\"1024\" src=\"https:\/\/stmichaelslegioneitaly.it\/wp-content\/uploads\/2025\/04\/IMG-20250330-WA0030-768x1024.jpg\" class=\"attachment-large size-large wp-image-294\" alt=\"\" srcset=\"https:\/\/stmichaelslegioneitaly.it\/wp-content\/uploads\/2025\/04\/IMG-20250330-WA0030-768x1024.jpg 768w, https:\/\/stmichaelslegioneitaly.it\/wp-content\/uploads\/2025\/04\/IMG-20250330-WA0030-225x300.jpg 225w, https:\/\/stmichaelslegioneitaly.it\/wp-content\/uploads\/2025\/04\/IMG-20250330-WA0030-1152x1536.jpg 1152w, https:\/\/stmichaelslegioneitaly.it\/wp-content\/uploads\/2025\/04\/IMG-20250330-WA0030.jpg 1536w\" sizes=\"(max-width: 768px) 100vw, 768px\" \/>\t\t\t\t\t\t\t\t\t\t\t\t\t<\/div>\n\t\t\t\t<\/div>\n\t\t\t\t\t<\/div>\n\t\t\t\t<\/div>\n\t\t<div class=\"elementor-element elementor-element-0bf81a3 e-flex e-con-boxed e-con e-parent\" data-id=\"0bf81a3\" data-element_type=\"container\" data-core-v316-plus=\"true\">\n\t\t\t\t\t<div class=\"e-con-inner\">\n\t\t<div class=\"elementor-element elementor-element-e6bbe11 e-con-full e-flex e-con e-child\" data-id=\"e6bbe11\" data-element_type=\"container\">\n\t\t\t\t<\/div>\n\t\t<div class=\"elementor-element elementor-element-34e36fb e-con-full e-flex e-con e-child\" data-id=\"34e36fb\" data-element_type=\"container\">\n\t\t\t\t<\/div>\n\t\t<div class=\"elementor-element elementor-element-39c1f1d e-con-full e-flex e-con e-child\" data-id=\"39c1f1d\" data-element_type=\"container\">\n\t\t\t\t<\/div>\n\t\t\t\t<div class=\"elementor-element elementor-element-2ab42c4 elementor-widget elementor-widget-image\" data-id=\"2ab42c4\" data-element_type=\"widget\" data-widget_type=\"image.default\">\n\t\t\t\t<div class=\"elementor-widget-container\">\n\t\t\t\t\t\t\t\t\t\t\t\t\t<img decoding=\"async\" width=\"813\" height=\"1024\" src=\"https:\/\/stmichaelslegioneitaly.it\/wp-content\/uploads\/2024\/12\/Screenshot_20240316_224711_Facebook-1-813x1024.jpg\" class=\"attachment-large size-large wp-image-161\" alt=\"\" srcset=\"https:\/\/stmichaelslegioneitaly.it\/wp-content\/uploads\/2024\/12\/Screenshot_20240316_224711_Facebook-1-813x1024.jpg 813w, https:\/\/stmichaelslegioneitaly.it\/wp-content\/uploads\/2024\/12\/Screenshot_20240316_224711_Facebook-1-238x300.jpg 238w, https:\/\/stmichaelslegioneitaly.it\/wp-content\/uploads\/2024\/12\/Screenshot_20240316_224711_Facebook-1-768x967.jpg 768w, https:\/\/stmichaelslegioneitaly.it\/wp-content\/uploads\/2024\/12\/Screenshot_20240316_224711_Facebook-1.jpg 1079w\" sizes=\"(max-width: 813px) 100vw, 813px\" \/>\t\t\t\t\t\t\t\t\t\t\t\t\t<\/div>\n\t\t\t\t<\/div>\n\t\t\t\t<div class=\"elementor-element elementor-element-1e9bfcc elementor-widget elementor-widget-image\" data-id=\"1e9bfcc\" data-element_type=\"widget\" data-widget_type=\"image.default\">\n\t\t\t\t<div class=\"elementor-widget-container\">\n\t\t\t\t\t\t\t\t\t\t\t\t\t<img decoding=\"async\" width=\"880\" height=\"827\" src=\"https:\/\/stmichaelslegioneitaly.it\/wp-content\/uploads\/2024\/12\/Screenshot_20241215_183853_Gallery-1024x962.jpg\" class=\"attachment-large size-large wp-image-119\" alt=\"\" srcset=\"https:\/\/stmichaelslegioneitaly.it\/wp-content\/uploads\/2024\/12\/Screenshot_20241215_183853_Gallery-1024x962.jpg 1024w, https:\/\/stmichaelslegioneitaly.it\/wp-content\/uploads\/2024\/12\/Screenshot_20241215_183853_Gallery-300x282.jpg 300w, https:\/\/stmichaelslegioneitaly.it\/wp-content\/uploads\/2024\/12\/Screenshot_20241215_183853_Gallery-768x721.jpg 768w, https:\/\/stmichaelslegioneitaly.it\/wp-content\/uploads\/2024\/12\/Screenshot_20241215_183853_Gallery-1536x1443.jpg 1536w, https:\/\/stmichaelslegioneitaly.it\/wp-content\/uploads\/2024\/12\/Screenshot_20241215_183853_Gallery-2048x1924.jpg 2048w\" sizes=\"(max-width: 880px) 100vw, 880px\" \/>\t\t\t\t\t\t\t\t\t\t\t\t\t<\/div>\n\t\t\t\t<\/div>\n\t\t\t\t<div class=\"elementor-element elementor-element-2929fec elementor-widget elementor-widget-image\" data-id=\"2929fec\" data-element_type=\"widget\" data-widget_type=\"image.default\">\n\t\t\t\t<div class=\"elementor-widget-container\">\n\t\t\t\t\t\t\t\t\t\t\t\t\t<img loading=\"lazy\" decoding=\"async\" width=\"880\" height=\"660\" src=\"https:\/\/stmichaelslegioneitaly.it\/wp-content\/uploads\/2024\/12\/20240703_184422-1024x768.jpg\" class=\"attachment-large size-large wp-image-160\" alt=\"\" srcset=\"https:\/\/stmichaelslegioneitaly.it\/wp-content\/uploads\/2024\/12\/20240703_184422-1024x768.jpg 1024w, https:\/\/stmichaelslegioneitaly.it\/wp-content\/uploads\/2024\/12\/20240703_184422-300x225.jpg 300w, https:\/\/stmichaelslegioneitaly.it\/wp-content\/uploads\/2024\/12\/20240703_184422-768x576.jpg 768w, https:\/\/stmichaelslegioneitaly.it\/wp-content\/uploads\/2024\/12\/20240703_184422-1536x1152.jpg 1536w, https:\/\/stmichaelslegioneitaly.it\/wp-content\/uploads\/2024\/12\/20240703_184422-2048x1536.jpg 2048w, https:\/\/stmichaelslegioneitaly.it\/wp-content\/uploads\/2024\/12\/20240703_184422-440x330.jpg 440w, https:\/\/stmichaelslegioneitaly.it\/wp-content\/uploads\/2024\/12\/20240703_184422-920x690.jpg 920w\" sizes=\"(max-width: 880px) 100vw, 880px\" \/>\t\t\t\t\t\t\t\t\t\t\t\t\t<\/div>\n\t\t\t\t<\/div>\n\t\t\t\t\t<\/div>\n\t\t\t\t<\/div>\n\t\t<div class=\"elementor-element elementor-element-a1b6de2 e-flex e-con-boxed e-con e-parent\" data-id=\"a1b6de2\" data-element_type=\"container\" data-core-v316-plus=\"true\">\n\t\t\t\t\t<div class=\"e-con-inner\">\n\t\t\t\t<div class=\"elementor-element elementor-element-e9c2d94 elementor-widget elementor-widget-heading\" data-id=\"e9c2d94\" data-element_type=\"widget\" data-widget_type=\"heading.default\">\n\t\t\t\t<div class=\"elementor-widget-container\">\n\t\t\t<style>\/*! elementor - v3.20.0 - 20-03-2024 *\/\n.elementor-heading-title{padding:0;margin:0;line-height:1}.elementor-widget-heading .elementor-heading-title[class*=elementor-size-]>a{color:inherit;font-size:inherit;line-height:inherit}.elementor-widget-heading .elementor-heading-title.elementor-size-small{font-size:15px}.elementor-widget-heading .elementor-heading-title.elementor-size-medium{font-size:19px}.elementor-widget-heading .elementor-heading-title.elementor-size-large{font-size:29px}.elementor-widget-heading .elementor-heading-title.elementor-size-xl{font-size:39px}.elementor-widget-heading .elementor-heading-title.elementor-size-xxl{font-size:59px}<\/style><h2 class=\"elementor-heading-title elementor-size-default\">Sponsor e convenzioni<\/h2>\t\t<\/div>\n\t\t\t\t<\/div>\n\t\t\t\t\t<\/div>\n\t\t\t\t<\/div>\n\t\t<div class=\"elementor-element elementor-element-1f106f3 e-flex e-con-boxed e-con e-parent\" data-id=\"1f106f3\" data-element_type=\"container\" data-core-v316-plus=\"true\">\n\t\t\t\t\t<div class=\"e-con-inner\">\n\t\t\t\t<div class=\"elementor-element elementor-element-a6aa77d elementor-widget elementor-widget-image\" data-id=\"a6aa77d\" data-element_type=\"widget\" data-widget_type=\"image.default\">\n\t\t\t\t<div class=\"elementor-widget-container\">\n\t\t\t\t\t\t\t\t\t\t\t\t\t<img loading=\"lazy\" decoding=\"async\" width=\"880\" height=\"576\" src=\"https:\/\/stmichaelslegioneitaly.it\/wp-content\/uploads\/2025\/01\/Screenshot_20241231_092512_Facebook-1024x670.jpg\" class=\"attachment-large size-large wp-image-241\" alt=\"\" srcset=\"https:\/\/stmichaelslegioneitaly.it\/wp-content\/uploads\/2025\/01\/Screenshot_20241231_092512_Facebook-1024x670.jpg 1024w, https:\/\/stmichaelslegioneitaly.it\/wp-content\/uploads\/2025\/01\/Screenshot_20241231_092512_Facebook-300x196.jpg 300w, https:\/\/stmichaelslegioneitaly.it\/wp-content\/uploads\/2025\/01\/Screenshot_20241231_092512_Facebook-768x503.jpg 768w, https:\/\/stmichaelslegioneitaly.it\/wp-content\/uploads\/2025\/01\/Screenshot_20241231_092512_Facebook.jpg 1079w\" sizes=\"(max-width: 880px) 100vw, 880px\" \/>\t\t\t\t\t\t\t\t\t\t\t\t\t<\/div>\n\t\t\t\t<\/div>\n\t\t\t\t\t<\/div>\n\t\t\t\t<\/div>\n\t\t\t\t<\/div>\n\t\t","protected":false},"excerpt":{"rendered":"<p>Benvenuti su St. Michael&#8217;s Legione LE MC-ITALY. Con il nostro motto, &#8220;I&#8217;m my brother&#8217;s keeper&#8221;, ci impegniamo ad essere i<\/p>\n<p><a href=\"https:\/\/stmichaelslegioneitaly.it\/\" class=\"more-link\">Continue reading<span class=\"screen-reader-text\">BENVENUTI<\/span><\/a><\/p>\n","protected":false},"author":1,"featured_media":6,"parent":0,"menu_order":0,"comment_status":"closed","ping_status":"open","template":"","meta":{"footnotes":""},"class_list":["post-2","page","type-page","status-publish","has-post-thumbnail","hentry"],"yoast_head":"<!-- This site is optimized with the Yoast SEO plugin v22.3 - https:\/\/yoast.com\/wordpress\/plugins\/seo\/ -->\n<title>BENVENUTI - St. Michael&#039;s Legione LE MC-ITALY<\/title>\n<meta name=\"description\" content=\"&quot;Scopri St. Michael&#039;s Legione Italy, un club di motociclisti formato da appartenenti alle forze dell&#039;ordine dedicato a onorare la memoria dei caduti per la Patria, promuovendo fratellanza e supporto nella comunit\u00e0. Unisciti a noi nel nostro impegno.&quot;\" \/>\n<meta name=\"robots\" content=\"index, follow, max-snippet:-1, max-image-preview:large, max-video-preview:-1\" \/>\n<link rel=\"canonical\" href=\"https:\/\/stmichaelslegioneitaly.it\/\" \/>\n<meta property=\"og:locale\" content=\"it_IT\" \/>\n<meta property=\"og:type\" content=\"article\" \/>\n<meta property=\"og:title\" content=\"BENVENUTI - St. Michael&#039;s Legione LE MC-ITALY\" \/>\n<meta property=\"og:description\" content=\"&quot;Scopri St. Michael&#039;s Legione Italy, un club di motociclisti formato da appartenenti alle forze dell&#039;ordine dedicato a onorare la memoria dei caduti per la Patria, promuovendo fratellanza e supporto nella comunit\u00e0. Unisciti a noi nel nostro impegno.&quot;\" \/>\n<meta property=\"og:url\" content=\"https:\/\/stmichaelslegioneitaly.it\/\" \/>\n<meta property=\"og:site_name\" content=\"St. Michael&#039;s Legione LE MC-ITALY\" \/>\n<meta property=\"article:publisher\" content=\"https:\/\/www.facebook.com\/sml.lemc.italy\" \/>\n<meta property=\"article:modified_time\" content=\"2026-01-20T14:52:30+00:00\" \/>\n<meta property=\"og:image\" content=\"http:\/\/stmichaelslegioneitaly.it\/wp-content\/uploads\/2024\/03\/Senza-titolo-512-x-512-px.png\" \/>\n\t<meta property=\"og:image:width\" content=\"512\" \/>\n\t<meta property=\"og:image:height\" content=\"512\" \/>\n\t<meta property=\"og:image:type\" content=\"image\/png\" \/>\n<meta name=\"twitter:card\" content=\"summary_large_image\" \/>\n<meta name=\"twitter:label1\" content=\"Tempo di lettura stimato\" \/>\n\t<meta name=\"twitter:data1\" content=\"2 minuti\" \/>\n<script type=\"application\/ld+json\" class=\"yoast-schema-graph\">{\"@context\":\"https:\/\/schema.org\",\"@graph\":[{\"@type\":\"WebPage\",\"@id\":\"https:\/\/stmichaelslegioneitaly.it\/\",\"url\":\"https:\/\/stmichaelslegioneitaly.it\/\",\"name\":\"BENVENUTI - St. Michael&#039;s Legione LE MC-ITALY\",\"isPartOf\":{\"@id\":\"https:\/\/stmichaelslegioneitaly.it\/#website\"},\"primaryImageOfPage\":{\"@id\":\"https:\/\/stmichaelslegioneitaly.it\/#primaryimage\"},\"image\":{\"@id\":\"https:\/\/stmichaelslegioneitaly.it\/#primaryimage\"},\"thumbnailUrl\":\"https:\/\/stmichaelslegioneitaly.it\/wp-content\/uploads\/2024\/03\/Senza-titolo-512-x-512-px.png\",\"datePublished\":\"2024-03-07T09:47:38+00:00\",\"dateModified\":\"2026-01-20T14:52:30+00:00\",\"description\":\"\\\"Scopri St. Michael's Legione Italy, un club di motociclisti formato da appartenenti alle forze dell'ordine dedicato a onorare la memoria dei caduti per la Patria, promuovendo fratellanza e supporto nella comunit\u00e0. Unisciti a noi nel nostro impegno.\\\"\",\"breadcrumb\":{\"@id\":\"https:\/\/stmichaelslegioneitaly.it\/#breadcrumb\"},\"inLanguage\":\"it-IT\",\"potentialAction\":[{\"@type\":\"ReadAction\",\"target\":[\"https:\/\/stmichaelslegioneitaly.it\/\"]}]},{\"@type\":\"ImageObject\",\"inLanguage\":\"it-IT\",\"@id\":\"https:\/\/stmichaelslegioneitaly.it\/#primaryimage\",\"url\":\"https:\/\/stmichaelslegioneitaly.it\/wp-content\/uploads\/2024\/03\/Senza-titolo-512-x-512-px.png\",\"contentUrl\":\"https:\/\/stmichaelslegioneitaly.it\/wp-content\/uploads\/2024\/03\/Senza-titolo-512-x-512-px.png\",\"width\":512,\"height\":512,\"caption\":\"ST. MICHAEL'S LEGIONE\"},{\"@type\":\"BreadcrumbList\",\"@id\":\"https:\/\/stmichaelslegioneitaly.it\/#breadcrumb\",\"itemListElement\":[{\"@type\":\"ListItem\",\"position\":1,\"name\":\"Home\",\"item\":\"https:\/\/stmichaelslegioneitaly.it\/\"},{\"@type\":\"ListItem\",\"position\":2,\"name\":\"BENVENUTI\"}]},{\"@type\":\"WebSite\",\"@id\":\"https:\/\/stmichaelslegioneitaly.it\/#website\",\"url\":\"https:\/\/stmichaelslegioneitaly.it\/\",\"name\":\"St. Michael's Legione Italy LEMC\",\"description\":\"I&#039;m my brother&#039;s keeper\",\"potentialAction\":[{\"@type\":\"SearchAction\",\"target\":{\"@type\":\"EntryPoint\",\"urlTemplate\":\"https:\/\/stmichaelslegioneitaly.it\/?s={search_term_string}\"},\"query-input\":\"required name=search_term_string\"}],\"inLanguage\":\"it-IT\"}]}<\/script>\n<!-- \/ Yoast SEO plugin. -->","yoast_head_json":{"title":"BENVENUTI - St. Michael&#039;s Legione LE MC-ITALY","description":"\"Scopri St. Michael's Legione Italy, un club di motociclisti formato da appartenenti alle forze dell'ordine dedicato a onorare la memoria dei caduti per la Patria, promuovendo fratellanza e supporto nella comunit\u00e0. Unisciti a noi nel nostro impegno.\"","robots":{"index":"index","follow":"follow","max-snippet":"max-snippet:-1","max-image-preview":"max-image-preview:large","max-video-preview":"max-video-preview:-1"},"canonical":"https:\/\/stmichaelslegioneitaly.it\/","og_locale":"it_IT","og_type":"article","og_title":"BENVENUTI - St. Michael&#039;s Legione LE MC-ITALY","og_description":"\"Scopri St. Michael's Legione Italy, un club di motociclisti formato da appartenenti alle forze dell'ordine dedicato a onorare la memoria dei caduti per la Patria, promuovendo fratellanza e supporto nella comunit\u00e0. Unisciti a noi nel nostro impegno.\"","og_url":"https:\/\/stmichaelslegioneitaly.it\/","og_site_name":"St. Michael&#039;s Legione LE MC-ITALY","article_publisher":"https:\/\/www.facebook.com\/sml.lemc.italy","article_modified_time":"2026-01-20T14:52:30+00:00","og_image":[{"width":512,"height":512,"url":"http:\/\/stmichaelslegioneitaly.it\/wp-content\/uploads\/2024\/03\/Senza-titolo-512-x-512-px.png","type":"image\/png"}],"twitter_card":"summary_large_image","twitter_misc":{"Tempo di lettura stimato":"2 minuti"},"schema":{"@context":"https:\/\/schema.org","@graph":[{"@type":"WebPage","@id":"https:\/\/stmichaelslegioneitaly.it\/","url":"https:\/\/stmichaelslegioneitaly.it\/","name":"BENVENUTI - St. Michael&#039;s Legione LE MC-ITALY","isPartOf":{"@id":"https:\/\/stmichaelslegioneitaly.it\/#website"},"primaryImageOfPage":{"@id":"https:\/\/stmichaelslegioneitaly.it\/#primaryimage"},"image":{"@id":"https:\/\/stmichaelslegioneitaly.it\/#primaryimage"},"thumbnailUrl":"https:\/\/stmichaelslegioneitaly.it\/wp-content\/uploads\/2024\/03\/Senza-titolo-512-x-512-px.png","datePublished":"2024-03-07T09:47:38+00:00","dateModified":"2026-01-20T14:52:30+00:00","description":"\"Scopri St. Michael's Legione Italy, un club di motociclisti formato da appartenenti alle forze dell'ordine dedicato a onorare la memoria dei caduti per la Patria, promuovendo fratellanza e supporto nella comunit\u00e0. Unisciti a noi nel nostro impegno.\"","breadcrumb":{"@id":"https:\/\/stmichaelslegioneitaly.it\/#breadcrumb"},"inLanguage":"it-IT","potentialAction":[{"@type":"ReadAction","target":["https:\/\/stmichaelslegioneitaly.it\/"]}]},{"@type":"ImageObject","inLanguage":"it-IT","@id":"https:\/\/stmichaelslegioneitaly.it\/#primaryimage","url":"https:\/\/stmichaelslegioneitaly.it\/wp-content\/uploads\/2024\/03\/Senza-titolo-512-x-512-px.png","contentUrl":"https:\/\/stmichaelslegioneitaly.it\/wp-content\/uploads\/2024\/03\/Senza-titolo-512-x-512-px.png","width":512,"height":512,"caption":"ST. MICHAEL'S LEGIONE"},{"@type":"BreadcrumbList","@id":"https:\/\/stmichaelslegioneitaly.it\/#breadcrumb","itemListElement":[{"@type":"ListItem","position":1,"name":"Home","item":"https:\/\/stmichaelslegioneitaly.it\/"},{"@type":"ListItem","position":2,"name":"BENVENUTI"}]},{"@type":"WebSite","@id":"https:\/\/stmichaelslegioneitaly.it\/#website","url":"https:\/\/stmichaelslegioneitaly.it\/","name":"St. Michael's Legione Italy LEMC","description":"I&#039;m my brother&#039;s keeper","potentialAction":[{"@type":"SearchAction","target":{"@type":"EntryPoint","urlTemplate":"https:\/\/stmichaelslegioneitaly.it\/?s={search_term_string}"},"query-input":"required name=search_term_string"}],"inLanguage":"it-IT"}]}},"_links":{"self":[{"href":"https:\/\/stmichaelslegioneitaly.it\/index.php?rest_route=\/wp\/v2\/pages\/2","targetHints":{"allow":["GET"]}}],"collection":[{"href":"https:\/\/stmichaelslegioneitaly.it\/index.php?rest_route=\/wp\/v2\/pages"}],"about":[{"href":"https:\/\/stmichaelslegioneitaly.it\/index.php?rest_route=\/wp\/v2\/types\/page"}],"author":[{"embeddable":true,"href":"https:\/\/stmichaelslegioneitaly.it\/index.php?rest_route=\/wp\/v2\/users\/1"}],"replies":[{"embeddable":true,"href":"https:\/\/stmichaelslegioneitaly.it\/index.php?rest_route=%2Fwp%2Fv2%2Fcomments&post=2"}],"version-history":[{"count":52,"href":"https:\/\/stmichaelslegioneitaly.it\/index.php?rest_route=\/wp\/v2\/pages\/2\/revisions"}],"predecessor-version":[{"id":450,"href":"https:\/\/stmichaelslegioneitaly.it\/index.php?rest_route=\/wp\/v2\/pages\/2\/revisions\/450"}],"wp:featuredmedia":[{"embeddable":true,"href":"https:\/\/stmichaelslegioneitaly.it\/index.php?rest_route=\/wp\/v2\/media\/6"}],"wp:attachment":[{"href":"https:\/\/stmichaelslegioneitaly.it\/index.php?rest_route=%2Fwp%2Fv2%2Fmedia&parent=2"}],"curies":[{"name":"wp","href":"https:\/\/api.w.org\/{rel}","templated":true}]}}